{"id":113,"date":"2019-10-08T08:12:31","date_gmt":"2019-10-08T11:12:31","guid":{"rendered":"https:\/\/areacode.com.br\/index.php\/home\/"},"modified":"2025-05-25T14:04:42","modified_gmt":"2025-05-25T17:04:42","slug":"home","status":"publish","type":"page","link":"https:\/\/areacode.com.br\/","title":{"rendered":"Home"},"content":{"rendered":"\t\t<div data-elementor-type=\"wp-page\" data-elementor-id=\"113\" class=\"elementor elementor-113\">\n\t\t\t\t\t\t<section class=\"elementor-section elementor-top-section elementor-element elementor-element-593463a elementor-section-height-min-height elementor-section-boxed elementor-section-height-default elementor-section-items-middle\" data-id=\"593463a\" data-element_type=\"section\" data-settings=\"{&quot;background_background&quot;:&quot;classic&quot;}\">\n\t\t\t\t\t\t\t<div class=\"elementor-background-overlay\"><\/div>\n\t\t\t\t\t\t\t<div class=\"elementor-container elementor-column-gap-default\">\n\t\t\t\t\t<div class=\"elementor-column elementor-col-100 elementor-top-column elementor-element elementor-element-4213dc6\" data-id=\"4213dc6\" data-element_type=\"column\">\n\t\t\t<div class=\"elementor-widget-wrap elementor-element-populated\">\n\t\t\t\t\t\t<section class=\"elementor-section elementor-inner-section elementor-element elementor-element-1246bd7 elementor-reverse-tablet elementor-reverse-mobile elementor-section-boxed elementor-section-height-default elementor-section-height-default\" data-id=\"1246bd7\" data-element_type=\"section\">\n\t\t\t\t\t\t<div class=\"elementor-container elementor-column-gap-no\">\n\t\t\t\t\t<div class=\"elementor-column elementor-col-50 elementor-inner-column elementor-element elementor-element-4661db4\" data-id=\"4661db4\" data-element_type=\"column\">\n\t\t\t<div class=\"elementor-widget-wrap elementor-element-populated\">\n\t\t\t\t\t\t<div class=\"elementor-element elementor-element-432dfe0 elementor-tablet-align-center elementor-widget elementor-widget-button\" data-id=\"432dfe0\" data-element_type=\"widget\" data-widget_type=\"button.default\">\n\t\t\t\t<div class=\"elementor-widget-container\">\n\t\t\t\t\t\t\t\t\t<div class=\"elementor-button-wrapper\">\n\t\t\t\t\t<a class=\"elementor-button elementor-button-link elementor-size-md\" href=\"https:\/\/wa.me\/+5531971790103\" target=\"_blank\">\n\t\t\t\t\t\t<span class=\"elementor-button-content-wrapper\">\n\t\t\t\t\t\t<span class=\"elementor-button-icon\">\n\t\t\t\t<i aria-hidden=\"true\" class=\"fab fa-whatsapp\"><\/i>\t\t\t<\/span>\n\t\t\t\t\t\t\t\t\t<span class=\"elementor-button-text\">CLIQUE AQUI E SAIBA MAIS!<\/span>\n\t\t\t\t\t<\/span>\n\t\t\t\t\t<\/a>\n\t\t\t\t<\/div>\n\t\t\t\t\t\t\t\t<\/div>\n\t\t\t\t<\/div>\n\t\t\t\t\t<\/div>\n\t\t<\/div>\n\t\t\t\t<div class=\"elementor-column elementor-col-50 elementor-inner-column elementor-element elementor-element-91cd5d2\" data-id=\"91cd5d2\" data-element_type=\"column\">\n\t\t\t<div class=\"elementor-widget-wrap elementor-element-populated\">\n\t\t\t\t\t\t<div class=\"elementor-element elementor-element-cd424fb elementor-invisible elementor-widget elementor-widget-image\" data-id=\"cd424fb\" data-element_type=\"widget\" data-settings=\"{&quot;_animation&quot;:&quot;fadeIn&quot;}\" data-widget_type=\"image.default\">\n\t\t\t\t<div class=\"elementor-widget-container\">\n\t\t\t\t\t\t\t\t\t\t\t\t\t\t\t<img fetchpriority=\"high\" decoding=\"async\" width=\"2000\" height=\"2000\" src=\"https:\/\/areacode.com.br\/wp-content\/uploads\/2023\/10\/Cross-platform-software-pana.png\" class=\"attachment-full size-full wp-image-324\" alt=\"\" srcset=\"https:\/\/areacode.com.br\/wp-content\/uploads\/2023\/10\/Cross-platform-software-pana.png 2000w, https:\/\/areacode.com.br\/wp-content\/uploads\/2023\/10\/Cross-platform-software-pana-300x300.png 300w, https:\/\/areacode.com.br\/wp-content\/uploads\/2023\/10\/Cross-platform-software-pana-1024x1024.png 1024w, https:\/\/areacode.com.br\/wp-content\/uploads\/2023\/10\/Cross-platform-software-pana-150x150.png 150w, https:\/\/areacode.com.br\/wp-content\/uploads\/2023\/10\/Cross-platform-software-pana-768x768.png 768w, https:\/\/areacode.com.br\/wp-content\/uploads\/2023\/10\/Cross-platform-software-pana-1536x1536.png 1536w\" sizes=\"(max-width: 2000px) 100vw, 2000px\" \/>\t\t\t\t\t\t\t\t\t\t\t\t\t\t\t<\/div>\n\t\t\t\t<\/div>\n\t\t\t\t\t<\/div>\n\t\t<\/div>\n\t\t\t\t\t<\/div>\n\t\t<\/section>\n\t\t\t\t\t<\/div>\n\t\t<\/div>\n\t\t\t\t\t<\/div>\n\t\t<\/section>\n\t\t\t\t<section class=\"elementor-section elementor-top-section elementor-element elementor-element-2efe5c8 elementor-section-boxed elementor-section-height-default elementor-section-height-default\" data-id=\"2efe5c8\" data-element_type=\"section\" id=\"sevice\">\n\t\t\t\t\t\t<div class=\"elementor-container elementor-column-gap-no\">\n\t\t\t\t\t<div class=\"elementor-column elementor-col-100 elementor-top-column elementor-element elementor-element-51a5550\" data-id=\"51a5550\" data-element_type=\"column\">\n\t\t\t<div class=\"elementor-widget-wrap elementor-element-populated\">\n\t\t\t\t\t\t<div class=\"elementor-element elementor-element-4dec225 elementor-widget elementor-widget-pp-team-member-carousel\" data-id=\"4dec225\" data-element_type=\"widget\" data-widget_type=\"pp-team-member-carousel.default\">\n\t\t\t\t<div class=\"elementor-widget-container\">\n\t\t\t\t\t\t\t<div class=\"swiper-container-wrap\">\n\t\t\t<div class=\"pp-tm-wrapper pp-tm-carousel pp-swiper-slider swiper\" id=\"swiper-container-4dec225\" data-slider-settings=\"{&quot;direction&quot;:&quot;horizontal&quot;,&quot;effect&quot;:&quot;slide&quot;,&quot;speed&quot;:600,&quot;slides_per_view&quot;:3,&quot;space_between&quot;:40,&quot;auto_height&quot;:true,&quot;loop&quot;:&quot;yes&quot;,&quot;autoplay&quot;:&quot;yes&quot;,&quot;autoplay_speed&quot;:4000,&quot;pause_on_interaction&quot;:&quot;&quot;,&quot;show_arrows&quot;:true,&quot;slides_per_view_mobile&quot;:1,&quot;space_between_mobile&quot;:10,&quot;slides_per_view_tablet&quot;:2,&quot;space_between_tablet&quot;:10}\">\n\t\t\t\t<div class=\"swiper-wrapper\">\n\t\t\t\t\t\t\t\t\t\t\t<div class=\"swiper-slide\">\n\t\t\t\t\t\t\t<div class=\"pp-tm\">\n\t\t\t\t\t\t\t\t<div class=\"pp-tm-image\"> \n\t\t\t\t\t\t\t\t\t<img decoding=\"async\" src=\"https:\/\/areacode.com.br\/wp-content\/uploads\/2023\/10\/icons8-marcador-64.png\" alt=\"icons8-marcador-64\">\n\t\t\t\t\t\t\t\t\t\t\t\t\t\t\t\t\t<\/div>\n\t\t\t\t\t\t\t\t<div class=\"pp-tm-content pp-tm-content-normal\">\n\t\t\t\t\t\t\t\t\t\t\t<h4 class=\"pp-tm-name\">\n\t\t\tCompreens\u00e3o das Necessidades\t\t<\/h4>\n\n\t\t\t\t\t\t\t<div class=\"pp-tm-description\">\n\t\t\t\tO primeiro passo \u00e9 entender completamente os requisitos e objetivos do seu projeto. Realizamos uma an\u00e1lise detalhada das suas necessidades e das funcionalidades que voc\u00ea deseja incorporar ao sistema.\t\t\t<\/div>\n\t\t\t\t\t\t\t\t\t\t\t\t<\/div>\n\t\t\t\t\t\t\t<\/div>\n\t\t\t\t\t\t<\/div>\n\t\t\t\t\t\t\t\t\t\t\t<div class=\"swiper-slide\">\n\t\t\t\t\t\t\t<div class=\"pp-tm\">\n\t\t\t\t\t\t\t\t<div class=\"pp-tm-image\"> \n\t\t\t\t\t\t\t\t\t<img decoding=\"async\" src=\"https:\/\/areacode.com.br\/wp-content\/uploads\/2023\/10\/icons8-quadro-de-estrategia-64.png\" alt=\"icons8-quadro-de-estrat\u00e9gia-64\">\n\t\t\t\t\t\t\t\t\t\t\t\t\t\t\t\t\t<\/div>\n\t\t\t\t\t\t\t\t<div class=\"pp-tm-content pp-tm-content-normal\">\n\t\t\t\t\t\t\t\t\t\t\t<h4 class=\"pp-tm-name\">\n\t\t\tArquitetura e Planejamento\t\t<\/h4>\n\n\t\t\t\t\t\t\t<div class=\"pp-tm-description\">\n\t\t\t\tCom base nas informa\u00e7\u00f5es coletadas, planejamos a arquitetura da solu\u00e7\u00e3o, definindo a estrutura, a l\u00f3gica de funcionamento e a integra\u00e7\u00e3o de componentes. Isso garante que a solu\u00e7\u00e3o seja escal\u00e1vel, segura e eficiente.\t\t\t<\/div>\n\t\t\t\t\t\t\t\t\t\t\t\t<\/div>\n\t\t\t\t\t\t\t<\/div>\n\t\t\t\t\t\t<\/div>\n\t\t\t\t\t\t\t\t\t\t\t<div class=\"swiper-slide\">\n\t\t\t\t\t\t\t<div class=\"pp-tm\">\n\t\t\t\t\t\t\t\t<div class=\"pp-tm-image\"> \n\t\t\t\t\t\t\t\t\t<img decoding=\"async\" src=\"https:\/\/areacode.com.br\/wp-content\/uploads\/2023\/10\/icons8-windows-10-personalization-64.png\" alt=\"icons8-windows-10-personalization-64\">\n\t\t\t\t\t\t\t\t\t\t\t\t\t\t\t\t\t<\/div>\n\t\t\t\t\t\t\t\t<div class=\"pp-tm-content pp-tm-content-normal\">\n\t\t\t\t\t\t\t\t\t\t\t<h4 class=\"pp-tm-name\">\n\t\t\tDesign e Interface de Usu\u00e1rio\t\t<\/h4>\n\n\t\t\t\t\t\t\t<div class=\"pp-tm-description\">\n\t\t\t\tCriamos uma interface de usu\u00e1rio atraente e intuitiva que melhora a experi\u00eancia do usu\u00e1rio. O design \u00e9 personalizado para atender \u00e0 identidade da sua marca e garantir a facilidade de uso.\t\t\t<\/div>\n\t\t\t\t\t\t\t\t\t\t\t\t<\/div>\n\t\t\t\t\t\t\t<\/div>\n\t\t\t\t\t\t<\/div>\n\t\t\t\t\t\t\t\t\t\t\t<div class=\"swiper-slide\">\n\t\t\t\t\t\t\t<div class=\"pp-tm\">\n\t\t\t\t\t\t\t\t<div class=\"pp-tm-image\"> \n\t\t\t\t\t\t\t\t\t<img decoding=\"async\" src=\"https:\/\/areacode.com.br\/wp-content\/uploads\/2023\/10\/icons8-dev-64.png\" alt=\"icons8-dev-64\">\n\t\t\t\t\t\t\t\t\t\t\t\t\t\t\t\t\t<\/div>\n\t\t\t\t\t\t\t\t<div class=\"pp-tm-content pp-tm-content-normal\">\n\t\t\t\t\t\t\t\t\t\t\t<h4 class=\"pp-tm-name\">\n\t\t\tDesenvolvimento da Solu\u00e7\u00e3o\t\t<\/h4>\n\n\t\t\t\t\t\t\t<div class=\"pp-tm-description\">\n\t\t\t\tNossa equipe de desenvolvimento trabalha na constru\u00e7\u00e3o da solu\u00e7\u00e3o, implementando as funcionalidades planejadas. Utilizamos tecnologias modernas e boas pr\u00e1ticas de desenvolvimento para garantir a qualidade e a confiabilidade do sistema.\t\t\t<\/div>\n\t\t\t\t\t\t\t\t\t\t\t\t<\/div>\n\t\t\t\t\t\t\t<\/div>\n\t\t\t\t\t\t<\/div>\n\t\t\t\t\t\t\t\t\t\t\t<div class=\"swiper-slide\">\n\t\t\t\t\t\t\t<div class=\"pp-tm\">\n\t\t\t\t\t\t\t\t<div class=\"pp-tm-image\"> \n\t\t\t\t\t\t\t\t\t<img decoding=\"async\" src=\"https:\/\/areacode.com.br\/wp-content\/uploads\/2023\/10\/icons8-qualidade-64.png\" alt=\"icons8-qualidade-64\">\n\t\t\t\t\t\t\t\t\t\t\t\t\t\t\t\t\t<\/div>\n\t\t\t\t\t\t\t\t<div class=\"pp-tm-content pp-tm-content-normal\">\n\t\t\t\t\t\t\t\t\t\t\t<h4 class=\"pp-tm-name\">\n\t\t\tTestes e Qualidade\t\t<\/h4>\n\n\t\t\t\t\t\t\t<div class=\"pp-tm-description\">\n\t\t\t\tRealizamos testes rigorosos para garantir que a solu\u00e7\u00e3o funcione perfeitamente em diferentes navegadores e dispositivos. Verificamos a seguran\u00e7a, a estabilidade e o desempenho da solu\u00e7\u00e3o.\t\t\t<\/div>\n\t\t\t\t\t\t\t\t\t\t\t\t<\/div>\n\t\t\t\t\t\t\t<\/div>\n\t\t\t\t\t\t<\/div>\n\t\t\t\t\t\t\t\t\t\t\t<div class=\"swiper-slide\">\n\t\t\t\t\t\t\t<div class=\"pp-tm\">\n\t\t\t\t\t\t\t\t<div class=\"pp-tm-image\"> \n\t\t\t\t\t\t\t\t\t<img decoding=\"async\" src=\"https:\/\/areacode.com.br\/wp-content\/uploads\/2023\/10\/icons8-api-64.png\" alt=\"icons8-api-64\">\n\t\t\t\t\t\t\t\t\t\t\t\t\t\t\t\t\t<\/div>\n\t\t\t\t\t\t\t\t<div class=\"pp-tm-content pp-tm-content-normal\">\n\t\t\t\t\t\t\t\t\t\t\t<h4 class=\"pp-tm-name\">\n\t\t\tImplanta\u00e7\u00e3o e Integra\u00e7\u00e3o\t\t<\/h4>\n\n\t\t\t\t\t\t\t<div class=\"pp-tm-description\">\n\t\t\t\tPreparamos a implanta\u00e7\u00e3o em um ambiente de hospedagem apropriado. Tamb\u00e9m podemos lidar com integra\u00e7\u00f5es necess\u00e1rias com outros sistemas ou servi\u00e7os que sua empresa utiliza.\t\t\t<\/div>\n\t\t\t\t\t\t\t\t\t\t\t\t<\/div>\n\t\t\t\t\t\t\t<\/div>\n\t\t\t\t\t\t<\/div>\n\t\t\t\t\t\t\t\t\t\t\t<div class=\"swiper-slide\">\n\t\t\t\t\t\t\t<div class=\"pp-tm\">\n\t\t\t\t\t\t\t\t<div class=\"pp-tm-image\"> \n\t\t\t\t\t\t\t\t\t<img decoding=\"async\" src=\"https:\/\/areacode.com.br\/wp-content\/uploads\/2023\/10\/icons8-suporte-ao-cliente-64.png\" alt=\"icons8-suporte-ao-cliente-64\">\n\t\t\t\t\t\t\t\t\t\t\t\t\t\t\t\t\t<\/div>\n\t\t\t\t\t\t\t\t<div class=\"pp-tm-content pp-tm-content-normal\">\n\t\t\t\t\t\t\t\t\t\t\t<h4 class=\"pp-tm-name\">\n\t\t\tTreinamento e Suporte\t\t<\/h4>\n\n\t\t\t\t\t\t\t<div class=\"pp-tm-description\">\n\t\t\t\tOferecemos treinamento para sua equipe, para que voc\u00ea possa aproveitar ao m\u00e1ximo. Al\u00e9m disso, fornecemos suporte cont\u00ednuo para resolver problemas e fazer atualiza\u00e7\u00f5es conforme necess\u00e1rio.\t\t\t<\/div>\n\t\t\t\t\t\t\t\t\t\t\t\t<\/div>\n\t\t\t\t\t\t\t<\/div>\n\t\t\t\t\t\t<\/div>\n\t\t\t\t\t\t\t\t\t\t\t<div class=\"swiper-slide\">\n\t\t\t\t\t\t\t<div class=\"pp-tm\">\n\t\t\t\t\t\t\t\t<div class=\"pp-tm-image\"> \n\t\t\t\t\t\t\t\t\t<img decoding=\"async\" src=\"https:\/\/areacode.com.br\/wp-content\/uploads\/2023\/10\/icons8-instalando-atualizacoes-64.png\" alt=\"icons8-instalando-atualiza\u00e7\u00f5es-64\">\n\t\t\t\t\t\t\t\t\t\t\t\t\t\t\t\t\t<\/div>\n\t\t\t\t\t\t\t\t<div class=\"pp-tm-content pp-tm-content-normal\">\n\t\t\t\t\t\t\t\t\t\t\t<h4 class=\"pp-tm-name\">\n\t\t\tManuten\u00e7\u00e3o e Melhoria\t\t<\/h4>\n\n\t\t\t\t\t\t\t<div class=\"pp-tm-description\">\n\t\t\t\tContinuamos a monitorar a solu\u00e7\u00e3o ap\u00f3s o lan\u00e7amento, realizando atualiza\u00e7\u00f5es, corre\u00e7\u00f5es de bugs e melhorias conforme necess\u00e1rio. Nosso objetivo \u00e9 garantir que a solu\u00e7\u00e3o permane\u00e7a relevante e eficaz ao longo do tempo.\t\t\t<\/div>\n\t\t\t\t\t\t\t\t\t\t\t\t<\/div>\n\t\t\t\t\t\t\t<\/div>\n\t\t\t\t\t\t<\/div>\n\t\t\t\t\t\t\t\t\t<\/div>\n\t\t\t<\/div>\n\t\t\t\t\t\t\t<div class=\"pp-slider-arrow elementor-swiper-button-prev swiper-button-prev-4dec225\">\n\t\t\t\t\t<i aria-hidden=\"true\" class=\"fas fa-angle-left\"><\/i>\t\t\t\t<\/div>\n\t\t\t\t<div class=\"pp-slider-arrow elementor-swiper-button-next swiper-button-next-4dec225\">\n\t\t\t\t\t<i aria-hidden=\"true\" class=\"fas fa-angle-right\"><\/i>\t\t\t\t<\/div>\n\t\t\t\t\t<\/div>\n\t\t\t\t\t\t<\/div>\n\t\t\t\t<\/div>\n\t\t\t\t\t<\/div>\n\t\t<\/div>\n\t\t\t\t\t<\/div>\n\t\t<\/section>\n\t\t\t\t<section class=\"elementor-section elementor-top-section elementor-element elementor-element-0067128 elementor-section-height-min-height elementor-section-boxed elementor-section-height-default elementor-section-items-middle\" data-id=\"0067128\" data-element_type=\"section\" data-settings=\"{&quot;background_background&quot;:&quot;classic&quot;}\">\n\t\t\t\t\t\t\t<div class=\"elementor-background-overlay\"><\/div>\n\t\t\t\t\t\t\t<div class=\"elementor-container elementor-column-gap-no\">\n\t\t\t\t\t<div class=\"elementor-column elementor-col-50 elementor-top-column elementor-element elementor-element-0757fcb\" data-id=\"0757fcb\" data-element_type=\"column\">\n\t\t\t<div class=\"elementor-widget-wrap\">\n\t\t\t\t\t\t\t<\/div>\n\t\t<\/div>\n\t\t\t\t<div class=\"elementor-column elementor-col-50 elementor-top-column elementor-element elementor-element-386cc73\" data-id=\"386cc73\" data-element_type=\"column\">\n\t\t\t<div class=\"elementor-widget-wrap elementor-element-populated\">\n\t\t\t\t\t\t<section class=\"elementor-section elementor-inner-section elementor-element elementor-element-6026a24 elementor-section-boxed elementor-section-height-default elementor-section-height-default\" data-id=\"6026a24\" data-element_type=\"section\">\n\t\t\t\t\t\t<div class=\"elementor-container elementor-column-gap-default\">\n\t\t\t\t\t<div class=\"elementor-column elementor-col-50 elementor-inner-column elementor-element elementor-element-67bb2cf\" data-id=\"67bb2cf\" data-element_type=\"column\">\n\t\t\t<div class=\"elementor-widget-wrap elementor-element-populated\">\n\t\t\t\t\t\t<div class=\"elementor-element elementor-element-51ec967 elementor-widget elementor-widget-image\" data-id=\"51ec967\" data-element_type=\"widget\" data-widget_type=\"image.default\">\n\t\t\t\t<div class=\"elementor-widget-container\">\n\t\t\t\t\t\t\t\t\t\t\t\t\t\t\t<img decoding=\"async\" width=\"100\" height=\"100\" src=\"https:\/\/areacode.com.br\/wp-content\/uploads\/2022\/03\/icons8-garantia-100.png\" class=\"attachment-large size-large wp-image-144\" alt=\"\" \/>\t\t\t\t\t\t\t\t\t\t\t\t\t\t\t<\/div>\n\t\t\t\t<\/div>\n\t\t\t\t<div class=\"elementor-element elementor-element-0f70a40 elementor-widget elementor-widget-heading\" data-id=\"0f70a40\" data-element_type=\"widget\" data-widget_type=\"heading.default\">\n\t\t\t\t<div class=\"elementor-widget-container\">\n\t\t\t\t\t<h2 class=\"elementor-heading-title elementor-size-default\">Melhor Qualidade<\/h2>\t\t\t\t<\/div>\n\t\t\t\t<\/div>\n\t\t\t\t\t<\/div>\n\t\t<\/div>\n\t\t\t\t<div class=\"elementor-column elementor-col-50 elementor-inner-column elementor-element elementor-element-e83ad02\" data-id=\"e83ad02\" data-element_type=\"column\">\n\t\t\t<div class=\"elementor-widget-wrap elementor-element-populated\">\n\t\t\t\t\t\t<div class=\"elementor-element elementor-element-e222721 elementor-widget elementor-widget-image\" data-id=\"e222721\" data-element_type=\"widget\" data-widget_type=\"image.default\">\n\t\t\t\t<div class=\"elementor-widget-container\">\n\t\t\t\t\t\t\t\t\t\t\t\t\t\t\t<img decoding=\"async\" width=\"100\" height=\"100\" src=\"https:\/\/areacode.com.br\/wp-content\/uploads\/2022\/03\/icons8-velocimetro-100.png\" class=\"attachment-large size-large wp-image-143\" alt=\"\" \/>\t\t\t\t\t\t\t\t\t\t\t\t\t\t\t<\/div>\n\t\t\t\t<\/div>\n\t\t\t\t<div class=\"elementor-element elementor-element-4c6ab4d elementor-widget elementor-widget-heading\" data-id=\"4c6ab4d\" data-element_type=\"widget\" data-widget_type=\"heading.default\">\n\t\t\t\t<div class=\"elementor-widget-container\">\n\t\t\t\t\t<h2 class=\"elementor-heading-title elementor-size-default\">Perfomance<\/h2>\t\t\t\t<\/div>\n\t\t\t\t<\/div>\n\t\t\t\t\t<\/div>\n\t\t<\/div>\n\t\t\t\t\t<\/div>\n\t\t<\/section>\n\t\t\t\t<section class=\"elementor-section elementor-inner-section elementor-element elementor-element-2971692 elementor-section-boxed elementor-section-height-default elementor-section-height-default\" data-id=\"2971692\" data-element_type=\"section\">\n\t\t\t\t\t\t<div class=\"elementor-container elementor-column-gap-default\">\n\t\t\t\t\t<div class=\"elementor-column elementor-col-50 elementor-inner-column elementor-element elementor-element-175ce4f\" data-id=\"175ce4f\" data-element_type=\"column\">\n\t\t\t<div class=\"elementor-widget-wrap elementor-element-populated\">\n\t\t\t\t\t\t<div class=\"elementor-element elementor-element-19bcb84 elementor-widget elementor-widget-image\" data-id=\"19bcb84\" data-element_type=\"widget\" data-widget_type=\"image.default\">\n\t\t\t\t<div class=\"elementor-widget-container\">\n\t\t\t\t\t\t\t\t\t\t\t\t\t\t\t<img loading=\"lazy\" decoding=\"async\" width=\"100\" height=\"100\" src=\"https:\/\/areacode.com.br\/wp-content\/uploads\/2022\/03\/icons8-smartphone-tablet-100.png\" class=\"attachment-large size-large wp-image-164\" alt=\"\" \/>\t\t\t\t\t\t\t\t\t\t\t\t\t\t\t<\/div>\n\t\t\t\t<\/div>\n\t\t\t\t<div class=\"elementor-element elementor-element-86b0164 elementor-widget elementor-widget-heading\" data-id=\"86b0164\" data-element_type=\"widget\" data-widget_type=\"heading.default\">\n\t\t\t\t<div class=\"elementor-widget-container\">\n\t\t\t\t\t<h2 class=\"elementor-heading-title elementor-size-default\">Responsividade<\/h2>\t\t\t\t<\/div>\n\t\t\t\t<\/div>\n\t\t\t\t\t<\/div>\n\t\t<\/div>\n\t\t\t\t<div class=\"elementor-column elementor-col-50 elementor-inner-column elementor-element elementor-element-f9363b1\" data-id=\"f9363b1\" data-element_type=\"column\">\n\t\t\t<div class=\"elementor-widget-wrap elementor-element-populated\">\n\t\t\t\t\t\t<div class=\"elementor-element elementor-element-73ffe76 elementor-widget elementor-widget-image\" data-id=\"73ffe76\" data-element_type=\"widget\" data-widget_type=\"image.default\">\n\t\t\t\t<div class=\"elementor-widget-container\">\n\t\t\t\t\t\t\t\t\t\t\t\t\t\t\t<img loading=\"lazy\" decoding=\"async\" width=\"100\" height=\"100\" src=\"https:\/\/areacode.com.br\/wp-content\/uploads\/2022\/03\/icons8-sacar-dinheiro-100.png\" class=\"attachment-large size-large wp-image-141\" alt=\"\" \/>\t\t\t\t\t\t\t\t\t\t\t\t\t\t\t<\/div>\n\t\t\t\t<\/div>\n\t\t\t\t<div class=\"elementor-element elementor-element-5238ddc elementor-widget elementor-widget-heading\" data-id=\"5238ddc\" data-element_type=\"widget\" data-widget_type=\"heading.default\">\n\t\t\t\t<div class=\"elementor-widget-container\">\n\t\t\t\t\t<h2 class=\"elementor-heading-title elementor-size-default\">Pre\u00e7os acessiveis<\/h2>\t\t\t\t<\/div>\n\t\t\t\t<\/div>\n\t\t\t\t\t<\/div>\n\t\t<\/div>\n\t\t\t\t\t<\/div>\n\t\t<\/section>\n\t\t\t\t\t<\/div>\n\t\t<\/div>\n\t\t\t\t\t<\/div>\n\t\t<\/section>\n\t\t\t\t<section class=\"elementor-section elementor-top-section elementor-element elementor-element-ff72d98 elementor-section-boxed elementor-section-height-default elementor-section-height-default\" data-id=\"ff72d98\" data-element_type=\"section\" data-settings=\"{&quot;background_background&quot;:&quot;classic&quot;}\">\n\t\t\t\t\t\t<div class=\"elementor-container elementor-column-gap-no\">\n\t\t\t\t\t<div class=\"elementor-column elementor-col-100 elementor-top-column elementor-element elementor-element-2d8e4f6\" data-id=\"2d8e4f6\" data-element_type=\"column\">\n\t\t\t<div class=\"elementor-widget-wrap elementor-element-populated\">\n\t\t\t\t\t\t<div class=\"elementor-element elementor-element-c5187c3 elementor-widget elementor-widget-pp-team-member-carousel\" data-id=\"c5187c3\" data-element_type=\"widget\" data-widget_type=\"pp-team-member-carousel.default\">\n\t\t\t\t<div class=\"elementor-widget-container\">\n\t\t\t\t\t\t\t<div class=\"swiper-container-wrap\">\n\t\t\t<div class=\"pp-tm-wrapper pp-tm-carousel pp-swiper-slider swiper\" id=\"swiper-container-c5187c3\" data-slider-settings=\"{&quot;direction&quot;:&quot;horizontal&quot;,&quot;effect&quot;:&quot;slide&quot;,&quot;speed&quot;:600,&quot;slides_per_view&quot;:3,&quot;space_between&quot;:40,&quot;auto_height&quot;:true,&quot;loop&quot;:&quot;yes&quot;,&quot;autoplay&quot;:&quot;yes&quot;,&quot;autoplay_speed&quot;:4000,&quot;pause_on_interaction&quot;:&quot;&quot;,&quot;show_arrows&quot;:true,&quot;slides_per_view_mobile&quot;:1,&quot;space_between_mobile&quot;:10,&quot;slides_per_view_tablet&quot;:2,&quot;space_between_tablet&quot;:10}\">\n\t\t\t\t<div class=\"swiper-wrapper\">\n\t\t\t\t\t\t\t\t\t\t\t<div class=\"swiper-slide\">\n\t\t\t\t\t\t\t<div class=\"pp-tm\">\n\t\t\t\t\t\t\t\t<div class=\"pp-tm-image\"> \n\t\t\t\t\t\t\t\t\t<img decoding=\"async\" src=\"https:\/\/areacode.com.br\/wp-content\/uploads\/2023\/10\/icons8-investimento-64.png\" alt=\"icons8-investimento-64\">\n\t\t\t\t\t\t\t\t\t\t\t\t\t\t\t\t\t<\/div>\n\t\t\t\t\t\t\t\t<div class=\"pp-tm-content pp-tm-content-normal\">\n\t\t\t\t\t\t\t\t\t\t\t<h4 class=\"pp-tm-name\">\n\t\t\tPrevid\u00eancia\t\t<\/h4>\n\n\t\t\t\t\t\t\t<div class=\"pp-tm-description\">\n\t\t\t\tPortal do Participante, Portal BI, Aplicativo para Participantes, Integra\u00e7\u00e3o e migra\u00e7\u00e3o de dados entre sistemas, Portal para Canal de Den\u00fancia e Comunica\u00e7\u00e3o Segura, Portal de Or\u00e7amento e Metas, Consultoria de Implanta\u00e7\u00e3o de Sistemas\n\t\t\t<\/div>\n\t\t\t\t\t\t\t\t\t\t\t\t<\/div>\n\t\t\t\t\t\t\t<\/div>\n\t\t\t\t\t\t<\/div>\n\t\t\t\t\t\t\t\t\t\t\t<div class=\"swiper-slide\">\n\t\t\t\t\t\t\t<div class=\"pp-tm\">\n\t\t\t\t\t\t\t\t<div class=\"pp-tm-image\"> \n\t\t\t\t\t\t\t\t\t<img decoding=\"async\" src=\"https:\/\/areacode.com.br\/wp-content\/uploads\/2023\/10\/icons8-plano-de-saude-64.png\" alt=\"icons8-plano-de-sa\u00fade-64\">\n\t\t\t\t\t\t\t\t\t\t\t\t\t\t\t\t\t<\/div>\n\t\t\t\t\t\t\t\t<div class=\"pp-tm-content pp-tm-content-normal\">\n\t\t\t\t\t\t\t\t\t\t\t<h4 class=\"pp-tm-name\">\n\t\t\tSa\u00fade\t\t<\/h4>\n\n\t\t\t\t\t\t\t<div class=\"pp-tm-description\">\n\t\t\t\tCom base nas informa\u00e7\u00f5es coletadas, planejamos a arquitetura da solu\u00e7\u00e3o, definindo a estrutura, a l\u00f3gica de funcionamento e a integra\u00e7\u00e3o de componentes. Isso garante que a solu\u00e7\u00e3o seja escal\u00e1vel, segura e eficiente.\t\t\t<\/div>\n\t\t\t\t\t\t\t\t\t\t\t\t<\/div>\n\t\t\t\t\t\t\t<\/div>\n\t\t\t\t\t\t<\/div>\n\t\t\t\t\t\t\t\t\t\t\t<div class=\"swiper-slide\">\n\t\t\t\t\t\t\t<div class=\"pp-tm\">\n\t\t\t\t\t\t\t\t<div class=\"pp-tm-image\"> \n\t\t\t\t\t\t\t\t\t<img decoding=\"async\" src=\"https:\/\/areacode.com.br\/wp-content\/uploads\/2023\/10\/icons8-carrinho-de-compras-carregado-64.png\" alt=\"icons8-carrinho-de-compras-carregado-64\">\n\t\t\t\t\t\t\t\t\t\t\t\t\t\t\t\t\t<\/div>\n\t\t\t\t\t\t\t\t<div class=\"pp-tm-content pp-tm-content-normal\">\n\t\t\t\t\t\t\t\t\t\t\t<h4 class=\"pp-tm-name\">\n\t\t\tGerenciamento de Compras\t\t<\/h4>\n\n\t\t\t\t\t\t\t<div class=\"pp-tm-description\">\n\t\t\t\tPortal de Compras com coleta e execu\u00e7\u00e3o de or\u00e7amentos e pedidos\t\t\t<\/div>\n\t\t\t\t\t\t\t\t\t\t\t\t<\/div>\n\t\t\t\t\t\t\t<\/div>\n\t\t\t\t\t\t<\/div>\n\t\t\t\t\t\t\t\t\t<\/div>\n\t\t\t<\/div>\n\t\t\t\t\t\t\t<div class=\"pp-slider-arrow elementor-swiper-button-prev swiper-button-prev-c5187c3\">\n\t\t\t\t\t<i aria-hidden=\"true\" class=\"fas fa-angle-left\"><\/i>\t\t\t\t<\/div>\n\t\t\t\t<div class=\"pp-slider-arrow elementor-swiper-button-next swiper-button-next-c5187c3\">\n\t\t\t\t\t<i aria-hidden=\"true\" class=\"fas fa-angle-right\"><\/i>\t\t\t\t<\/div>\n\t\t\t\t\t<\/div>\n\t\t\t\t\t\t<\/div>\n\t\t\t\t<\/div>\n\t\t\t\t\t<\/div>\n\t\t<\/div>\n\t\t\t\t\t<\/div>\n\t\t<\/section>\n\t\t\t\t<\/div>\n\t\t","protected":false},"excerpt":{"rendered":"<p>Desenvolvemos a sua ideia CLIQUE AQUI E SAIBA MAIS! Projetamos e Desenvolvemos sua Solu\u00e7\u00e3o Projetamos e desenvolvemos solu\u00e7\u00f5es de sistemas Web, Aplicativo Mobile, Manuten\u00e7\u00e3o e sustenta\u00e7\u00e3o em banco de dados SQLServer, Integra\u00e7\u00f5es entre Sistemas e plataformas sob medida para atender \u00e0s suas necessidades espec\u00edficas.\u00a0 Compreens\u00e3o das Necessidades O primeiro passo \u00e9 entender completamente os requisitos [&hellip;]<\/p>\n","protected":false},"author":1,"featured_media":0,"parent":0,"menu_order":0,"comment_status":"closed","ping_status":"closed","template":"templates\/page-builder-content.php","meta":{"_joinchat":[],"footnotes":""},"class_list":["post-113","page","type-page","status-publish","hentry"],"_links":{"self":[{"href":"https:\/\/areacode.com.br\/index.php\/wp-json\/wp\/v2\/pages\/113","targetHints":{"allow":["GET"]}}],"collection":[{"href":"https:\/\/areacode.com.br\/index.php\/wp-json\/wp\/v2\/pages"}],"about":[{"href":"https:\/\/areacode.com.br\/index.php\/wp-json\/wp\/v2\/types\/page"}],"author":[{"embeddable":true,"href":"https:\/\/areacode.com.br\/index.php\/wp-json\/wp\/v2\/users\/1"}],"replies":[{"embeddable":true,"href":"https:\/\/areacode.com.br\/index.php\/wp-json\/wp\/v2\/comments?post=113"}],"version-history":[{"count":181,"href":"https:\/\/areacode.com.br\/index.php\/wp-json\/wp\/v2\/pages\/113\/revisions"}],"predecessor-version":[{"id":1710,"href":"https:\/\/areacode.com.br\/index.php\/wp-json\/wp\/v2\/pages\/113\/revisions\/1710"}],"wp:attachment":[{"href":"https:\/\/areacode.com.br\/index.php\/wp-json\/wp\/v2\/media?parent=113"}],"curies":[{"name":"wp","href":"https:\/\/api.w.org\/{rel}","templated":true}]}}